{"id":262,"date":"2022-07-18T17:38:48","date_gmt":"2022-07-18T15:38:48","guid":{"rendered":"https:\/\/fuegosecreto.com\/?page_id=262"},"modified":"2023-10-31T17:13:52","modified_gmt":"2023-10-31T16:13:52","slug":"el-club-del-fuego-secreto","status":"publish","type":"page","link":"https:\/\/fuegosecreto.com\/?page_id=262","title":{"rendered":"El club del Fuego Secreto"},"content":{"rendered":"<h3>Fuego Secreto 1: El museo de los cuentos<\/h3>\n<p><a href=\"https:\/\/edicionesencuentro.com\/libro\/el-club-del-fuego-secreto-1\/\"><img loading=\"lazy\" decoding=\"async\" class=\"alignleft wp-image-344\" src=\"https:\/\/fuegosecreto.com\/wp-content\/uploads\/2022\/07\/9788413390338-1-200x300.jpg\" alt=\"\" width=\"370\" height=\"554\" srcset=\"https:\/\/fuegosecreto.com\/wp-content\/uploads\/2022\/07\/9788413390338-1-200x300.jpg 200w, https:\/\/fuegosecreto.com\/wp-content\/uploads\/2022\/07\/9788413390338-1-683x1024.jpg 683w, https:\/\/fuegosecreto.com\/wp-content\/uploads\/2022\/07\/9788413390338-1-768x1152.jpg 768w, https:\/\/fuegosecreto.com\/wp-content\/uploads\/2022\/07\/9788413390338-1-1024x1536.jpg 1024w, https:\/\/fuegosecreto.com\/wp-content\/uploads\/2022\/07\/9788413390338-1-1365x2048.jpg 1365w, https:\/\/fuegosecreto.com\/wp-content\/uploads\/2022\/07\/9788413390338-1-1140x1710.jpg 1140w, https:\/\/fuegosecreto.com\/wp-content\/uploads\/2022\/07\/9788413390338-1-scaled.jpg 1707w\" sizes=\"auto, (max-width: 370px) 100vw, 370px\" \/><\/a>En esta primera temporada de <em>El Club del Fuego Secreto<\/em> conocer\u00e9is a David, un chico inteligente y solitario, a su inseparable y miedoso amigo \u00d3scar, a la peque\u00f1a y valiente Paula, y a Dany, una misteriosa chica de ojos verdes que esconde un secreto. Juntos aprender\u00e1n de los tres profesores a combatir\u00a0contra las fuerzas del mal encerrando los miedos en los libros y tratando de devolver el Fuego Secreto a la humanidad. Pero no ser\u00e1 f\u00e1cil. Antes de haber podido completar su entrenamiento, perseguidos por las implacables criaturas del Maestro de Mentiras, deber\u00e1n seguir las indicaciones de un mapa muy peculiar e iniciar un viaje que les llevar\u00e1 a vivir todas las historias que existen en los libros, con el fin de cumplir su misi\u00f3n de salvar al mundo.<\/p>\n<h6 style=\"text-align: left;\">Recursos <em>El club del Fuego Secreto 1: El museo de los cuentos<\/em><\/h6>\n<ul>\n<li><span style=\"color: #3366ff;\">Gu\u00eda de lectura<\/span><span style=\"color: #000000;\"> para educadores<\/span><\/li>\n<li style=\"text-align: left;\"><span style=\"color: #000000;\"><a style=\"color: #000000;\" href=\"https:\/\/fuegosecreto.com\/wp-content\/uploads\/2022\/07\/978-84-1339-699-6-Sabias-que-1.pdf\">\u00bfSab\u00edas que&#8230;?<\/a><\/span><\/li>\n<li style=\"text-align: left;\"><span style=\"color: #000000;\"><a style=\"color: #000000;\" href=\"https:\/\/open.spotify.com\/playlist\/1KMZtkY7sErhkO4xNyy0DK\" target=\"_blank\" rel=\"noopener\">Spotify. Club 1: El museo de los cuentos<\/a><\/span><\/li>\n<li style=\"text-align: left;\"><span style=\"color: #000000;\"><a style=\"color: #000000;\" href=\"https:\/\/edicionesencuentro.com\/libro\/el-club-del-fuego-secreto-1\/\" target=\"_blank\" rel=\"noopener\">Tienda<\/a><\/span><\/li>\n<\/ul>\n<p>&nbsp;<\/p>\n<h3><\/h3>\n<h3><\/h3>\n<h3>Fuego Secreto 2: Espadas de madera<\/h3>\n<p><a href=\"https:\/\/edicionesencuentro.com\/libro\/el-club-del-fuego-secreto-2\/\"><img loading=\"lazy\" decoding=\"async\" class=\"alignleft wp-image-357\" src=\"https:\/\/fuegosecreto.com\/wp-content\/uploads\/2022\/07\/9788413390413-200x300.jpg\" alt=\"\" width=\"370\" height=\"555\" srcset=\"https:\/\/fuegosecreto.com\/wp-content\/uploads\/2022\/07\/9788413390413-200x300.jpg 200w, https:\/\/fuegosecreto.com\/wp-content\/uploads\/2022\/07\/9788413390413-683x1024.jpg 683w, https:\/\/fuegosecreto.com\/wp-content\/uploads\/2022\/07\/9788413390413-768x1152.jpg 768w, https:\/\/fuegosecreto.com\/wp-content\/uploads\/2022\/07\/9788413390413-1024x1536.jpg 1024w, https:\/\/fuegosecreto.com\/wp-content\/uploads\/2022\/07\/9788413390413-1365x2048.jpg 1365w, https:\/\/fuegosecreto.com\/wp-content\/uploads\/2022\/07\/9788413390413-1140x1710.jpg 1140w, https:\/\/fuegosecreto.com\/wp-content\/uploads\/2022\/07\/9788413390413-scaled.jpg 1707w\" sizes=\"auto, (max-width: 370px) 100vw, 370px\" \/><\/a>Llega la hora del entrenamiento. Los chicos del club del Fuego Secreto deben aprender el arte de la esgrima con espadas de madera para poder combatir contra los miedos que acechan en los lugares m\u00e1s inesperados. Sin embargo, el enemigo est\u00e1 a punto de descubrir la ubicaci\u00f3n del Museo de los cuentos. \u00bfLograr\u00e1n nuestros h\u00e9roes aprender lo necesario antes de que sea demasiado tarde, o la misi\u00f3n terminar\u00e1 antes siquiera de empezar?<\/p>\n<p style=\"text-align: left;\">\u00danete al club y ayuda a David, Paula, \u00d3scar y Dany a derrotar a las criaturas del Maestro de Mentiras y devolver al mundo el Fuego Secreto.<\/p>\n<p style=\"text-align: left;\"><em>Espadas de madera<\/em> es el segundo cap\u00edtulo de la primera temporada de la serie El club del Fuego Secreto.<\/p>\n<h6 style=\"text-align: left;\">Recursos <em>El club del Fuego Secreto 2: Espadas de madera<\/em><\/h6>\n<ul>\n<li style=\"text-align: left;\"><a href=\"https:\/\/edicionesencuentro.com\/wp-content\/uploads\/2020\/11\/GUIA-FS2_web.pdf\">Gu\u00eda de lectura<\/a> para educadores<\/li>\n<li style=\"text-align: left;\"><a href=\"https:\/\/fuegosecreto.com\/wp-content\/uploads\/2022\/07\/SABIAS-QUE_FS2_web.pdf\">\u00bfSab\u00edas que&#8230;?<\/a><\/li>\n<li style=\"text-align: left;\"><a href=\"https:\/\/open.spotify.com\/playlist\/7p1D9R5Pmnr333oc9A6uKD?si=-F-7CohjTd2ijVuNdafyrw&amp;utm_source=native-share-menu\">Spotify. Club 2: Espadas de madera<\/a><\/li>\n<li style=\"text-align: left;\"><a href=\"https:\/\/edicionesencuentro.com\/libro\/el-club-del-fuego-secreto-2\/\">Tienda<\/a><\/li>\n<\/ul>\n<p>&nbsp;<\/p>\n<h3><\/h3>\n<h3><\/h3>\n<h3>Fuego Secreto 3: Eventyr<\/h3>\n<p><a href=\"https:\/\/edicionesencuentro.com\/libro\/el-club-del-fuego-secreto-3\/\"><img loading=\"lazy\" decoding=\"async\" class=\"alignleft wp-image-360\" src=\"https:\/\/fuegosecreto.com\/wp-content\/uploads\/2022\/07\/p_eventyr_3000-200x300.jpg\" alt=\"\" width=\"370\" height=\"554\" srcset=\"https:\/\/fuegosecreto.com\/wp-content\/uploads\/2022\/07\/p_eventyr_3000-200x300.jpg 200w, https:\/\/fuegosecreto.com\/wp-content\/uploads\/2022\/07\/p_eventyr_3000-683x1024.jpg 683w, https:\/\/fuegosecreto.com\/wp-content\/uploads\/2022\/07\/p_eventyr_3000-768x1152.jpg 768w, https:\/\/fuegosecreto.com\/wp-content\/uploads\/2022\/07\/p_eventyr_3000-1024x1536.jpg 1024w, https:\/\/fuegosecreto.com\/wp-content\/uploads\/2022\/07\/p_eventyr_3000-1365x2048.jpg 1365w, https:\/\/fuegosecreto.com\/wp-content\/uploads\/2022\/07\/p_eventyr_3000-1140x1710.jpg 1140w, https:\/\/fuegosecreto.com\/wp-content\/uploads\/2022\/07\/p_eventyr_3000-scaled.jpg 1707w\" sizes=\"auto, (max-width: 370px) 100vw, 370px\" \/><\/a>En <i>Eventyr<\/i>, tercera entrega de <i>El club del Fuego Secreto<\/i>, nuestros protagonistas est\u00e1n solos: el Museo de los cuentos ha sido destruido y no hay noticias de los profesores. Perdidos en una extra\u00f1a estaci\u00f3n de tren abandonada, y vali\u00e9ndose de lo que recuerdan de un mapa en forma de tablero de la Oca que ha ca\u00eddo en manos del enemigo, David, \u00d3scar, Dany y Paula (y un nuevo integrante), deber\u00e1n intentar descifrar los secretos necesarios para averiguar cu\u00e1l debe ser su pr\u00f3ximo paso en el tablero, poner en pr\u00e1ctica su previo entrenamiento contra los <i>oscuros<\/i>, y as\u00ed poder cruzar el umbral que lleva al mundo del Eventyr. Esta vez se ver\u00e1n obligados a recurrir a sus conocimientos de las historias de los libros, saber c\u00f3mo act\u00faan sus h\u00e9roes y villanos, pues tendr\u00e1n que usar ese poder para enfrentarse a los viles servidores del Maestro de Mentiras y avanzar en su misi\u00f3n de recuperar el Fuego Secreto.<\/p>\n<h6 style=\"text-align: left;\">Recursos <em>El club del Fuego Secreto 3: Eventyr<\/em><\/h6>\n<ul>\n<li style=\"text-align: left;\"><a href=\"https:\/\/edicionesencuentro.com\/wp-content\/uploads\/2021\/02\/GUIA-FS3_web-1.pdf\">Gu\u00eda de lectura<\/a> para educadores<\/li>\n<li style=\"text-align: left;\"><a href=\"https:\/\/fuegosecreto.com\/wp-content\/uploads\/2022\/07\/SABIAS-QUE_FS3_web.pdf\">\u00bfSab\u00edas que&#8230;?<\/a><\/li>\n<li style=\"text-align: left;\"><a href=\"https:\/\/open.spotify.com\/playlist\/19jKc0ZPMXad98nvHwKadO?si=STnNkO_GRICSpgA4OnBulQ&amp;utm_source=native-share-menu\">Spotify. Club 3: Eventyr<\/a><\/li>\n<li style=\"text-align: left;\"><a href=\"https:\/\/edicionesencuentro.com\/libro\/el-club-del-fuego-secreto-3\/\">Tienda<\/a><\/li>\n<\/ul>\n<p>&nbsp;<\/p>\n<h3><\/h3>\n<h3><\/h3>\n<h3>Fuego Secreto 4: Batalla estelar<\/h3>\n<p><a href=\"https:\/\/edicionesencuentro.com\/libro\/el-club-del-fuego-secreto-4\/\"><img loading=\"lazy\" decoding=\"async\" class=\"alignleft wp-image-362\" src=\"https:\/\/fuegosecreto.com\/wp-content\/uploads\/2022\/07\/p_batalla_estelar_3000-1-200x300.jpg\" alt=\"\" width=\"367\" height=\"551\" srcset=\"https:\/\/fuegosecreto.com\/wp-content\/uploads\/2022\/07\/p_batalla_estelar_3000-1-200x300.jpg 200w, https:\/\/fuegosecreto.com\/wp-content\/uploads\/2022\/07\/p_batalla_estelar_3000-1-683x1024.jpg 683w, https:\/\/fuegosecreto.com\/wp-content\/uploads\/2022\/07\/p_batalla_estelar_3000-1-768x1152.jpg 768w, https:\/\/fuegosecreto.com\/wp-content\/uploads\/2022\/07\/p_batalla_estelar_3000-1-1024x1536.jpg 1024w, https:\/\/fuegosecreto.com\/wp-content\/uploads\/2022\/07\/p_batalla_estelar_3000-1-1365x2048.jpg 1365w, https:\/\/fuegosecreto.com\/wp-content\/uploads\/2022\/07\/p_batalla_estelar_3000-1-1140x1710.jpg 1140w, https:\/\/fuegosecreto.com\/wp-content\/uploads\/2022\/07\/p_batalla_estelar_3000-1-scaled.jpg 1707w\" sizes=\"auto, (max-width: 367px) 100vw, 367px\" \/><\/a>David\u00a0y Koke han quedado atrapados en una galaxia dominada por la temible KvLtvr\u00efe, gobernada con mano de hierro por el malvado Lord Klamak. Solo los mercenarios errantes llamados <i>greycoats<\/i>\u00a0y los poderosos y sabios Y\u016bgen son capaces de hacerle frente.<\/p>\n<p style=\"text-align: left;\">Este libro es diferente a los del resto de la colecci\u00f3n. Aqu\u00ed, como en la vida misma, te ver\u00e1s obligado a escoger entre distintas alternativas. Unas te conducir\u00e1n a la victoria, pero \u00a1ten cuidado!, porque otras te llevar\u00e1n directamente a una cat\u00e1strofe. \u00bfTe unes a la rebeli\u00f3n?<\/p>\n<h6 style=\"text-align: left;\">Recursos <em>El club del Fuego Secreto 4: Batalla estelar<\/em><\/h6>\n<ul>\n<li style=\"text-align: left;\">Gu\u00eda de lectura para educadores (en preparaci\u00f3n)<\/li>\n<li style=\"text-align: left;\"><a href=\"https:\/\/fuegosecreto.com\/wp-content\/uploads\/2022\/07\/SABIAS-QUE_FS4_web.pdf\">\u00bfSab\u00edas que&#8230;?<\/a><\/li>\n<li style=\"text-align: left;\"><a href=\"https:\/\/open.spotify.com\/playlist\/6TIsBxVqYPYA5zn9bwcV6c?si=pc9SfSyXSEqxGgp7d8_NBQ&amp;utm_source=native-share-menu\">Spotify. Club 4: Batalla estelar<\/a><\/li>\n<li style=\"text-align: left;\"><a href=\"https:\/\/edicionesencuentro.com\/libro\/el-club-del-fuego-secreto-4\/\">Tienda<\/a><\/li>\n<\/ul>\n<p>&nbsp;<\/p>\n<h3><\/h3>\n<h3><\/h3>\n<h3>Fuego Secreto 5: El v\u00eddeo viral<\/h3>\n<p><a href=\"https:\/\/edicionesencuentro.com\/libro\/el-club-del-fuego-secreto-5\/\"><img loading=\"lazy\" decoding=\"async\" class=\"alignleft wp-image-363\" src=\"https:\/\/fuegosecreto.com\/wp-content\/uploads\/2022\/07\/p_el_video_viral_3000-1-200x300.jpg\" alt=\"\" width=\"370\" height=\"555\" srcset=\"https:\/\/fuegosecreto.com\/wp-content\/uploads\/2022\/07\/p_el_video_viral_3000-1-200x300.jpg 200w, https:\/\/fuegosecreto.com\/wp-content\/uploads\/2022\/07\/p_el_video_viral_3000-1-683x1024.jpg 683w, https:\/\/fuegosecreto.com\/wp-content\/uploads\/2022\/07\/p_el_video_viral_3000-1-768x1152.jpg 768w, https:\/\/fuegosecreto.com\/wp-content\/uploads\/2022\/07\/p_el_video_viral_3000-1-1024x1536.jpg 1024w, https:\/\/fuegosecreto.com\/wp-content\/uploads\/2022\/07\/p_el_video_viral_3000-1-1365x2048.jpg 1365w, https:\/\/fuegosecreto.com\/wp-content\/uploads\/2022\/07\/p_el_video_viral_3000-1-1140x1710.jpg 1140w, https:\/\/fuegosecreto.com\/wp-content\/uploads\/2022\/07\/p_el_video_viral_3000-1-scaled.jpg 1707w\" sizes=\"auto, (max-width: 370px) 100vw, 370px\" \/><\/a>Los chicos del club vuelven a estar juntos de nuevo. Y no solo ellos: un inesperado reencuentro se producir\u00e1 durante su estancia en Oxbridge. Pero la intuici\u00f3n de David le dice que algo no encaja, y los chicos planean una forma de poder escapar del inminente peligro que les aguarda.<br \/>\nSin embargo, el plan no sale como estaba previsto, lo que les llevar\u00e1 a enfrentarse a una situaci\u00f3n inesperada. Pero \u00a1cuidado! Alguien les descubre y est\u00e1 dispuesto a hacer viral lo que ha grabado&#8230;<br \/>\nHadas y brujas, rebeldes y oscuros, la temible KvLtvr\u00efe y nuestros protagonistas se enfrentar\u00e1n en una batalla m\u00e1gica y trepidante con la que todo podr\u00eda acabar.<br \/>\n<i>\u00a1Descubre a David, Koke, \u00d3scar y Paula convertidos en personajes de c\u00f3mic de la mano de Pepmi!<\/i><\/p>\n<h6 style=\"text-align: left;\">Recursos <em>El club del Fuego Secreto 5: El v\u00eddeo viral<\/em><\/h6>\n<ul>\n<li style=\"text-align: left;\">Gu\u00eda de lectura para educadores (en preparaci\u00f3n)<\/li>\n<li style=\"text-align: left;\"><a href=\"https:\/\/fuegosecreto.com\/wp-content\/uploads\/2022\/07\/SABIAS-QUE_FS5_web.pdf\">\u00bfSab\u00edas que&#8230;?<\/a><\/li>\n<li style=\"text-align: left;\"><a href=\"https:\/\/open.spotify.com\/playlist\/5vKKkTkUtDpvrpQjBUp9z9?si=27dP3c_9SgSVLlRXGoDYGg&amp;utm_source=native-share-menu\">Spotify. Club 5: El v\u00eddeo viral<\/a><\/li>\n<li style=\"text-align: left;\"><a href=\"https:\/\/edicionesencuentro.com\/libro\/el-club-del-fuego-secreto-5\/\">Tienda<\/a><\/li>\n<\/ul>\n<p>&nbsp;<\/p>\n<h3><\/h3>\n<h3><\/h3>\n<h3>Fuego Secreto 6: El Maestro de Mentiras<\/h3>\n<p><a href=\"https:\/\/edicionesencuentro.com\/libro\/el-club-del-fuego-secreto-6\/\"><img loading=\"lazy\" decoding=\"async\" class=\"alignleft wp-image-1655\" src=\"https:\/\/fuegosecreto.com\/wp-content\/uploads\/2023\/10\/9788413391243-200x300.jpg\" alt=\"\" width=\"370\" height=\"555\" srcset=\"https:\/\/fuegosecreto.com\/wp-content\/uploads\/2023\/10\/9788413391243-200x300.jpg 200w, https:\/\/fuegosecreto.com\/wp-content\/uploads\/2023\/10\/9788413391243.jpg 400w\" sizes=\"auto, (max-width: 370px) 100vw, 370px\" \/><\/a>Tras la \u00e9pica batalla del episodio anterior, David, Dany, \u00d3scar, Paula y Koke se encuentran listos para la pr\u00f3xima aventura. Esta vez acudir\u00e1n al extraordinario parque de atracciones Storybook, donde los principales personajes de los libros cobran vida. Su visita estar\u00e1 atravesada por la inquietante presencia del Maestro de Mentiras, el malo m\u00e1s malo de todos, dispuesto a sembrar la discordia y el terror entre los chicos del club.<br \/>\nEn compa\u00f1\u00eda de algunos famosos detectives y otros personajes, deber\u00e1n resolver el misterio que se esconde detr\u00e1s de los asesinatos y desapariciones que se est\u00e1n produciendo en Storybook.<br \/>\nAcompa\u00f1a a los miembros del club del Fuego Secreto a descifrar enigmas, buscar pistas y descubrir a los sospechosos. \u00bfPodr\u00e1s desentra\u00f1ar el misterio de Storybook?<\/p>\n<p><i>\u00a1Por favor, no le cuentes a nadie el final!<\/i><\/p>\n<h6 style=\"text-align: left;\">Recursos <em>El club del Fuego Secreto 6: El v\u00eddeo viral<\/em><\/h6>\n<ul>\n<li style=\"text-align: left;\">Gu\u00eda de lectura para educadores (en preparaci\u00f3n)<\/li>\n<li style=\"text-align: left;\"><a href=\"https:\/\/edicionesencuentro.com\/libro\/el-club-del-fuego-secreto-6\/\">Tienda<\/a><\/li>\n<\/ul>\n<p>&nbsp;<\/p>\n<h3><\/h3>\n<h3><\/h3>\n<h3>Fuego Secreto 7: El ej\u00e9rcito de frikis<\/h3>\n<p><a href=\"https:\/\/edicionesencuentro.com\/libro\/el-club-del-fuego-secreto-7\/\"><img loading=\"lazy\" decoding=\"async\" class=\"alignleft wp-image-1656\" src=\"https:\/\/fuegosecreto.com\/wp-content\/uploads\/2023\/10\/9788413391502-200x300.jpg\" alt=\"\" width=\"370\" height=\"555\" srcset=\"https:\/\/fuegosecreto.com\/wp-content\/uploads\/2023\/10\/9788413391502-200x300.jpg 200w, https:\/\/fuegosecreto.com\/wp-content\/uploads\/2023\/10\/9788413391502.jpg 400w\" sizes=\"auto, (max-width: 370px) 100vw, 370px\" \/><\/a>El ej\u00e9rcito del Maestro de Mentiras sigue expandiendo su mal\u00e9fica sombra por el mundo. No hay rastro de Gill, Ronald, Jack ni de ninguno de los otros mentores de los chicos del club.<br \/>\nDavid, Dany, \u00d3scar, Paula y Koke vuelven al centro comercial Seahaven, donde tan buenos ratos han pasado juntos. All\u00ed se encuentra con la grata sorpresa de un evento muy especial en el que ser\u00e1n aclamados por las multitudes. Pero ellos saben que sobre todos los presentes se cierne un gran peligro.<br \/>\nEste es el final. La gran batalla que tendr\u00e1n que librar contra el Maestro de Mentiras para devolver el Fuego Secreto. Pero esta vez no estar\u00e1n solos.<br \/>\nAcompa\u00f1a a los chicos del club en la m\u00e1s \u00e9pica de sus aventuras, una que puede costarles la vida. Pero siempre hay esperanza: <i>incluso la persona m\u00e1s friki puede cambiar el curso del futuro.<\/i><\/p>\n<h6 style=\"text-align: left;\">Recursos <em>El club del Fuego Secreto 7: El ej\u00e9rcito de frikis<\/em><\/h6>\n<ul>\n<li style=\"text-align: left;\">Gu\u00eda de lectura para educadores (en preparaci\u00f3n)<\/li>\n<li style=\"text-align: left;\"><a href=\"https:\/\/edicionesencuentro.com\/libro\/el-club-del-fuego-secreto-7\/\">Tienda<\/a><\/li>\n<\/ul>\n<p>&nbsp;<\/p>\n<h3><\/h3>\n<h3><\/h3>\n<h1 style=\"text-align: center;\">\u00a1Estate atento!<\/h1>\n<h3 style=\"text-align: center;\">\u00bfHabr\u00e1 una segunda temporada?<\/h3>\n","protected":false},"excerpt":{"rendered":"<p>Fuego Secreto 1: El museo de los cuentos En esta primera temporada de El Club del Fuego Secreto conocer\u00e9is a David, un chico inteligente y solitario, a su inseparable y miedoso amigo \u00d3scar, a la peque\u00f1a y valiente Paula, y a Dany, una misteriosa chica de ojos verdes que esconde un secreto. Juntos aprender\u00e1n de los tres profesores a combatir\u00a0contra las fuerzas del mal encerrando los miedos en los libros y tratando de devolver el Fuego Secreto a la humanidad. Pero no ser\u00e1 f\u00e1cil. Antes de haber podido completar su entrenamiento, perseguidos por las implacables criaturas del Maestro de Mentiras, deber\u00e1n seguir las indicaciones de un mapa muy peculiar e iniciar un viaje que les llevar\u00e1 a vivir todas las historias que existen en los libros, con el fin de cumplir su misi\u00f3n de salvar al mundo. Recursos El club del Fuego Secreto 1: El museo de los cuentos Gu\u00eda de lectura para educadores \u00bfSab\u00edas que&#8230;? Spotify. Club 1: El museo de los cuentos Tienda &nbsp; Fuego Secreto 2: Espadas de madera Llega la hora del entrenamiento. Los chicos del club del Fuego Secreto deben aprender el arte de la esgrima con espadas de madera para poder combatir contra los miedos que acechan en los lugares m\u00e1s inesperados. Sin embargo, el enemigo est\u00e1 a punto de descubrir la ubicaci\u00f3n del Museo de los cuentos. \u00bfLograr\u00e1n nuestros h\u00e9roes aprender lo necesario antes de que sea demasiado tarde, o la misi\u00f3n terminar\u00e1 antes siquiera de empezar? \u00danete al club y ayuda a David, Paula, \u00d3scar y Dany a derrotar a las criaturas del Maestro de Mentiras y devolver al mundo el Fuego Secreto. Espadas de madera es el segundo cap\u00edtulo de la primera temporada de la serie El club del Fuego Secreto. Recursos El club del Fuego Secreto 2: Espadas de madera Gu\u00eda de lectura para educadores \u00bfSab\u00edas que&#8230;? Spotify. Club 2: Espadas de madera Tienda &nbsp; Fuego Secreto 3: Eventyr En Eventyr, tercera entrega de El club del Fuego Secreto, nuestros protagonistas est\u00e1n solos: el Museo de los cuentos ha sido destruido y no hay noticias de los profesores. Perdidos en una extra\u00f1a estaci\u00f3n de tren abandonada, y vali\u00e9ndose de lo que recuerdan de un mapa en forma de tablero de la Oca que ha ca\u00eddo en manos del enemigo, David, \u00d3scar, Dany y Paula (y un nuevo integrante), deber\u00e1n intentar descifrar los secretos necesarios para averiguar cu\u00e1l debe ser su pr\u00f3ximo paso en el tablero, poner en pr\u00e1ctica su previo entrenamiento contra los oscuros, y as\u00ed poder cruzar el umbral que lleva al mundo del Eventyr. Esta vez se ver\u00e1n obligados a recurrir a sus conocimientos de las historias de los libros, saber c\u00f3mo act\u00faan sus h\u00e9roes y villanos, pues tendr\u00e1n que usar ese poder para enfrentarse a los viles servidores del Maestro de Mentiras y avanzar en su misi\u00f3n de recuperar el Fuego Secreto. Recursos El club del Fuego Secreto 3: Eventyr Gu\u00eda de lectura para educadores \u00bfSab\u00edas que&#8230;? Spotify. Club 3: Eventyr Tienda &nbsp; Fuego Secreto 4: Batalla estelar David\u00a0y Koke han quedado atrapados en una galaxia dominada por la temible KvLtvr\u00efe, gobernada con mano de hierro por el malvado Lord Klamak. Solo los mercenarios errantes llamados greycoats\u00a0y los poderosos y sabios Y\u016bgen son capaces de hacerle frente. Este libro es diferente a los del resto de la colecci\u00f3n. Aqu\u00ed, como en la vida misma, te ver\u00e1s obligado a escoger entre distintas alternativas. Unas te conducir\u00e1n a la victoria, pero \u00a1ten cuidado!, porque otras te llevar\u00e1n directamente a una cat\u00e1strofe. \u00bfTe unes a la rebeli\u00f3n? Recursos El club del Fuego Secreto 4: Batalla estelar Gu\u00eda de lectura para educadores (en preparaci\u00f3n) \u00bfSab\u00edas que&#8230;? Spotify. Club 4: Batalla estelar Tienda &nbsp; Fuego Secreto 5: El v\u00eddeo viral Los chicos del club vuelven a estar juntos de nuevo. Y no solo ellos: un inesperado reencuentro se producir\u00e1 durante su estancia en Oxbridge. Pero la intuici\u00f3n de David le dice que algo no encaja, y los chicos planean una forma de poder escapar del inminente peligro que les aguarda. Sin embargo, el plan no sale como estaba previsto, lo que les llevar\u00e1 a enfrentarse a una situaci\u00f3n inesperada. Pero \u00a1cuidado! Alguien les descubre y est\u00e1 dispuesto a hacer viral lo que ha grabado&#8230; Hadas y brujas, rebeldes y oscuros, la temible KvLtvr\u00efe y nuestros protagonistas se enfrentar\u00e1n en una batalla m\u00e1gica y trepidante con la que todo podr\u00eda acabar. \u00a1Descubre a David, Koke, \u00d3scar y Paula convertidos en personajes de c\u00f3mic de la mano de Pepmi! Recursos El club del Fuego Secreto 5: El v\u00eddeo viral Gu\u00eda de lectura para educadores (en preparaci\u00f3n) \u00bfSab\u00edas que&#8230;? Spotify. Club 5: El v\u00eddeo viral Tienda &nbsp; Fuego Secreto 6: El Maestro de Mentiras Tras la \u00e9pica batalla del episodio anterior, David, Dany, \u00d3scar, Paula y Koke se encuentran listos para la pr\u00f3xima aventura. Esta vez acudir\u00e1n al extraordinario parque de atracciones Storybook, donde los principales personajes de los libros cobran vida. Su visita estar\u00e1 atravesada por la inquietante presencia del Maestro de Mentiras, el malo m\u00e1s malo de todos, dispuesto a sembrar la discordia y el terror entre los chicos del club. En compa\u00f1\u00eda de algunos famosos detectives y otros personajes, deber\u00e1n resolver el misterio que se esconde detr\u00e1s de los asesinatos y desapariciones que se est\u00e1n produciendo en Storybook. Acompa\u00f1a a los miembros del club del Fuego Secreto a descifrar enigmas, buscar pistas y descubrir a los sospechosos. \u00bfPodr\u00e1s desentra\u00f1ar el misterio de Storybook? \u00a1Por favor, no le cuentes a nadie el final! Recursos El club del Fuego Secreto 6: El v\u00eddeo viral Gu\u00eda de lectura para educadores (en preparaci\u00f3n) Tienda &nbsp; Fuego Secreto 7: El ej\u00e9rcito de frikis El ej\u00e9rcito del Maestro de Mentiras sigue expandiendo su mal\u00e9fica sombra por el mundo. No hay rastro de Gill, Ronald, Jack ni de ninguno de los otros mentores de los chicos del club. David, Dany, \u00d3scar, Paula y Koke vuelven al centro comercial Seahaven, donde tan buenos ratos han pasado juntos. All\u00ed se encuentra con la grata sorpresa de un evento muy especial en el que ser\u00e1n aclamados por las multitudes. Pero ellos saben que sobre todos los presentes se cierne un gran peligro. Este es el final. La gran batalla que tendr\u00e1n que librar contra el Maestro de Mentiras para devolver el Fuego Secreto. Pero esta vez no estar\u00e1n solos. Acompa\u00f1a a los chicos del club en la m\u00e1s \u00e9pica de sus aventuras, una que puede costarles la vida. Pero siempre hay esperanza: incluso la persona m\u00e1s friki puede cambiar el curso del futuro. Recursos El club del Fuego Secreto 7: El ej\u00e9rcito de frikis Gu\u00eda de lectura para educadores (en preparaci\u00f3n) Tienda &nbsp; \u00a1Estate atento! \u00bfHabr\u00e1 una segunda temporada?<\/p>\n","protected":false},"author":6,"featured_media":0,"parent":0,"menu_order":0,"comment_status":"closed","ping_status":"closed","template":"","meta":{"footnotes":""},"class_list":["post-262","page","type-page","status-publish","hentry"],"_links":{"self":[{"href":"https:\/\/fuegosecreto.com\/index.php?rest_route=\/wp\/v2\/pages\/262","targetHints":{"allow":["GET"]}}],"collection":[{"href":"https:\/\/fuegosecreto.com\/index.php?rest_route=\/wp\/v2\/pages"}],"about":[{"href":"https:\/\/fuegosecreto.com\/index.php?rest_route=\/wp\/v2\/types\/page"}],"author":[{"embeddable":true,"href":"https:\/\/fuegosecreto.com\/index.php?rest_route=\/wp\/v2\/users\/6"}],"replies":[{"embeddable":true,"href":"https:\/\/fuegosecreto.com\/index.php?rest_route=%2Fwp%2Fv2%2Fcomments&post=262"}],"version-history":[{"count":46,"href":"https:\/\/fuegosecreto.com\/index.php?rest_route=\/wp\/v2\/pages\/262\/revisions"}],"predecessor-version":[{"id":1664,"href":"https:\/\/fuegosecreto.com\/index.php?rest_route=\/wp\/v2\/pages\/262\/revisions\/1664"}],"wp:attachment":[{"href":"https:\/\/fuegosecreto.com\/index.php?rest_route=%2Fwp%2Fv2%2Fmedia&parent=262"}],"curies":[{"name":"wp","href":"https:\/\/api.w.org\/{rel}","templated":true}]}}